{"id":25612,"date":"2016-07-08T16:36:13","date_gmt":"2016-07-08T16:36:13","guid":{"rendered":"http:\/\/www.camargoycia.com\/?page_id=25612"},"modified":"2016-12-23T01:31:04","modified_gmt":"2016-12-23T01:31:04","slug":"servicios1","status":"publish","type":"page","link":"https:\/\/www.camargoycia.com\/?page_id=25612","title":{"rendered":"Servicios"},"content":{"rendered":"<p>[et_pb_section admin_label=&#8221;Section&#8221; fullwidth=&#8221;off&#8221; specialty=&#8221;off&#8221; background_image=&#8221;http:\/\/www.camargoycia.com\/wp-content\/uploads\/2014\/11\/oficinaNaranja.jpg&#8221; transparent_background=&#8221;off&#8221; background_color=&#8221;#ffffff&#8221; allow_player_pause=&#8221;off&#8221; inner_shadow=&#8221;off&#8221; parallax=&#8221;off&#8221; parallax_method=&#8221;off&#8221; padding_mobile=&#8221;off&#8221; make_fullwidth=&#8221;off&#8221; use_custom_width=&#8221;off&#8221; width_unit=&#8221;on&#8221; make_equal=&#8221;off&#8221; use_custom_gutter=&#8221;off&#8221;][et_pb_row admin_label=&#8221;Row&#8221; make_fullwidth=&#8221;on&#8221; use_custom_width=&#8221;off&#8221; width_unit=&#8221;on&#8221; use_custom_gutter=&#8221;off&#8221; padding_mobile=&#8221;off&#8221; allow_player_pause=&#8221;off&#8221; parallax=&#8221;off&#8221; parallax_method=&#8221;off&#8221; make_equal=&#8221;off&#8221; parallax_1=&#8221;off&#8221; parallax_method_1=&#8221;off&#8221; column_padding_mobile=&#8221;on&#8221;][et_pb_column type=&#8221;4_4&#8243;][et_pb_text admin_label=&#8221;Text&#8221; background_layout=&#8221;dark&#8221; text_orientation=&#8221;left&#8221; text_font_size=&#8221;35&#8243; use_border_color=&#8221;off&#8221; border_color=&#8221;#ffffff&#8221; border_style=&#8221;solid&#8221;] [\/et_pb_text][\/et_pb_column][\/et_pb_row][\/et_pb_section][et_pb_section admin_label=&#8221;Section&#8221; fullwidth=&#8221;off&#8221; specialty=&#8221;off&#8221; transparent_background=&#8221;off&#8221; background_color=&#8221;#e87511&#8243; allow_player_pause=&#8221;off&#8221; inner_shadow=&#8221;off&#8221; parallax=&#8221;off&#8221; parallax_method=&#8221;off&#8221; custom_padding=&#8221;10px||10px|&#8221; padding_mobile=&#8221;off&#8221; make_fullwidth=&#8221;off&#8221; use_custom_width=&#8221;off&#8221; width_unit=&#8221;on&#8221; make_equal=&#8221;off&#8221; use_custom_gutter=&#8221;off&#8221;][et_pb_row admin_label=&#8221;Row&#8221; make_fullwidth=&#8221;off&#8221; use_custom_width=&#8221;off&#8221; width_unit=&#8221;on&#8221; use_custom_gutter=&#8221;off&#8221; padding_mobile=&#8221;off&#8221; allow_player_pause=&#8221;off&#8221; parallax=&#8221;off&#8221; parallax_method=&#8221;off&#8221; make_equal=&#8221;off&#8221; parallax_1=&#8221;off&#8221; parallax_method_1=&#8221;off&#8221; column_padding_mobile=&#8221;on&#8221;][et_pb_column type=&#8221;4_4&#8243;][et_pb_text admin_label=&#8221;Text&#8221; background_layout=&#8221;dark&#8221; text_orientation=&#8221;left&#8221; use_border_color=&#8221;off&#8221; border_color=&#8221;#ffffff&#8221; border_style=&#8221;solid&#8221; custom_padding=&#8221;|||15px&#8221;]<\/p>\n<h1>Nuestros Servicios<\/h1>\n<p>[\/et_pb_text][\/et_pb_column][\/et_pb_row][\/et_pb_section][et_pb_section admin_label=&#8221;Section&#8221; fullwidth=&#8221;off&#8221; specialty=&#8221;off&#8221; transparent_background=&#8221;off&#8221; background_color=&#8221;#ffffff&#8221; allow_player_pause=&#8221;off&#8221; inner_shadow=&#8221;off&#8221; parallax=&#8221;off&#8221; parallax_method=&#8221;off&#8221; padding_mobile=&#8221;off&#8221; make_fullwidth=&#8221;off&#8221; use_custom_width=&#8221;off&#8221; width_unit=&#8221;on&#8221; make_equal=&#8221;off&#8221; use_custom_gutter=&#8221;off&#8221; custom_css_main_element=&#8221;border-bottom-color: #ffffff; || border-bottom-style: solid; || border-bottom-width: 20px!important;&#8221;][et_pb_row admin_label=&#8221;Row&#8221;][et_pb_column type=&#8221;4_4&#8243;][et_pb_text admin_label=&#8221;Text&#8221; background_layout=&#8221;light&#8221; text_orientation=&#8221;center&#8221; use_border_color=&#8221;off&#8221; border_color=&#8221;#ffffff&#8221; border_style=&#8221;solid&#8221; text_font_size=&#8221;21&#8243;]<\/p>\n<p>En Camargo y C\u00eda. te ofrecemos servicios de excelencia para guiarte y asesorarte en cualquier tema contable, ya sea fiscal, gubernamental o corporativo.<\/p>\n<p>[\/et_pb_text][\/et_pb_column][\/et_pb_row][\/et_pb_section][et_pb_section admin_label=&#8221;section&#8221; transparent_background=&#8221;off&#8221; background_color=&#8221;#595959&#8243; allow_player_pause=&#8221;off&#8221; inner_shadow=&#8221;off&#8221; parallax=&#8221;on&#8221; parallax_method=&#8221;on&#8221; custom_padding=&#8221;0px|0px|0px|0px&#8221; padding_mobile=&#8221;on&#8221; make_fullwidth=&#8221;off&#8221; use_custom_width=&#8221;off&#8221; width_unit=&#8221;on&#8221; make_equal=&#8221;off&#8221; use_custom_gutter=&#8221;off&#8221; disabled_on=&#8221;off|off|off&#8221; disabled=&#8221;off&#8221; custom_css_main_element=&#8221;border-bottom-color: #595959; || border-bottom-style: solid; || border-bottom-width: 20px!important;||||border-top-color: #595959; || border-top-style: solid; || border-top-width: 20px!important;&#8221;][et_pb_row admin_label=&#8221;Row&#8221; make_fullwidth=&#8221;off&#8221; use_custom_width=&#8221;off&#8221; width_unit=&#8221;off&#8221; custom_width_percent=&#8221;100%&#8221; use_custom_gutter=&#8221;on&#8221; padding_mobile=&#8221;on&#8221; allow_player_pause=&#8221;off&#8221; parallax=&#8221;off&#8221; parallax_method=&#8221;off&#8221; make_equal=&#8221;on&#8221; parallax_1=&#8221;off&#8221; parallax_method_1=&#8221;on&#8221; parallax_2=&#8221;off&#8221; parallax_method_2=&#8221;off&#8221; column_padding_mobile=&#8221;on&#8221; gutter_width=&#8221;1&#8243; custom_padding=&#8221;0px|0px|0px|0px&#8221; background_color_2=&#8221;rgba(0,0,0,0)&#8221; padding_2_last_edited=&#8221;on|desktop&#8221; bg_img_1=&#8221;http:\/\/www.camargoycia.com\/wp-content\/uploads\/2016\/07\/calculator-calculation-insurance-finance-53621.jpeg&#8221;][et_pb_column type=&#8221;1_2&#8243;][et_pb_text admin_label=&#8221;Microphone&#8221; background_layout=&#8221;light&#8221; text_orientation=&#8221;center&#8221; use_border_color=&#8221;off&#8221; border_color=&#8221;#ffffff&#8221; border_style=&#8221;solid&#8221; custom_css_main_element=&#8221;font-weight:400;&#8221; text_text_color=&#8221;#ffffff&#8221; text_font=&#8221;Roboto||||&#8221; text_font_size=&#8221;38&#8243; text_line_height=&#8221;1em&#8221; text_font_size_last_edited=&#8221;on|desktop&#8221; custom_padding=&#8221;26%||26%|&#8221;]<\/p>\n<p>Contabilidad General<br \/>\ny Gubernamental<\/p>\n<p>[\/et_pb_text][\/et_pb_column][et_pb_column type=&#8221;1_2&#8243;][et_pb_text admin_label=&#8221;Alarm Clock&#8221; background_layout=&#8221;light&#8221; text_orientation=&#8221;left&#8221; use_border_color=&#8221;off&#8221; border_color=&#8221;#ffffff&#8221; border_style=&#8221;solid&#8221; custom_css_main_element=&#8221;font-weight:400;&#8221; text_text_color=&#8221;#dbdbdb&#8221; text_font=&#8221;PT Serif||||&#8221; text_font_size=&#8221;18&#8243; text_line_height=&#8221;1em&#8221; text_font_size_last_edited=&#8221;on|desktop&#8221; custom_padding=&#8221;26%|15%|26%|15%&#8221;]<\/p>\n<p>&nbsp;<\/p>\n<ul>\n<li>Formulaci\u00f3n y presentaci\u00f3n de avisos de inscripci\u00f3n, cancelaci\u00f3n y modificaciones ante las diversas autoridades.<\/li>\n<li>Servicio integral de contabilidad general a empresas del sector privado y gubernamental, as\u00ed como de personas f\u00edsicas.<\/li>\n<li>Elaboraci\u00f3n y presentaci\u00f3n de estados financieros de empresas y personas f\u00edsicas.<\/li>\n<li>Formulaci\u00f3n y presentaci\u00f3n de declaraciones de impuestos e informativas.<\/li>\n<\/ul>\n<p>[\/et_pb_text][\/et_pb_column][\/et_pb_row][\/et_pb_section][et_pb_section admin_label=&#8221;section&#8221; transparent_background=&#8221;off&#8221; background_color=&#8221;#ffffff&#8221; allow_player_pause=&#8221;off&#8221; inner_shadow=&#8221;off&#8221; parallax=&#8221;on&#8221; parallax_method=&#8221;on&#8221; custom_padding=&#8221;0px|0px|0px|0px&#8221; padding_mobile=&#8221;on&#8221; make_fullwidth=&#8221;off&#8221; use_custom_width=&#8221;off&#8221; width_unit=&#8221;on&#8221; make_equal=&#8221;off&#8221; use_custom_gutter=&#8221;off&#8221; disabled_on=&#8221;off|off|off&#8221; disabled=&#8221;off&#8221; custom_css_main_element=&#8221;border-bottom-color: #ffffff; || border-bottom-style: solid; || border-bottom-width: 20px!important;||||border-top-color: #ffffff; || border-top-style: solid; || border-top-width: 20px!important;&#8221;][et_pb_row admin_label=&#8221;Row&#8221; make_fullwidth=&#8221;off&#8221; use_custom_width=&#8221;off&#8221; width_unit=&#8221;off&#8221; custom_width_percent=&#8221;100%&#8221; use_custom_gutter=&#8221;on&#8221; padding_mobile=&#8221;on&#8221; allow_player_pause=&#8221;off&#8221; parallax=&#8221;off&#8221; parallax_method=&#8221;off&#8221; make_equal=&#8221;on&#8221; parallax_1=&#8221;off&#8221; parallax_method_1=&#8221;on&#8221; parallax_2=&#8221;off&#8221; parallax_method_2=&#8221;off&#8221; column_padding_mobile=&#8221;on&#8221; gutter_width=&#8221;1&#8243; custom_padding=&#8221;0px|0px|0px|0px&#8221; background_color_2=&#8221;rgba(0,0,0,0)&#8221; padding_2_last_edited=&#8221;on|desktop&#8221; background_color_1=&#8221;#dd8511&#8243; bg_img_1=&#8221;http:\/\/www.camargoycia.com\/wp-content\/uploads\/2016\/07\/pexels-photo.jpg&#8221;][et_pb_column type=&#8221;1_2&#8243;][et_pb_text admin_label=&#8221;Microphone&#8221; background_layout=&#8221;light&#8221; text_orientation=&#8221;center&#8221; use_border_color=&#8221;off&#8221; border_color=&#8221;#ffffff&#8221; border_style=&#8221;solid&#8221; custom_css_main_element=&#8221;font-weight:400;&#8221; text_text_color=&#8221;#ffffff&#8221; text_font=&#8221;Roboto||||&#8221; text_font_size=&#8221;38&#8243; text_line_height=&#8221;1em&#8221; text_font_size_last_edited=&#8221;on|desktop&#8221; custom_padding=&#8221;26%||26%|&#8221;]<\/p>\n<p>Consultor\u00eda fiscal y financiera<\/p>\n<p>[\/et_pb_text][\/et_pb_column][et_pb_column type=&#8221;1_2&#8243;][et_pb_text admin_label=&#8221;Fiscal Text&#8221; background_layout=&#8221;light&#8221; text_orientation=&#8221;left&#8221; use_border_color=&#8221;off&#8221; border_color=&#8221;#ffffff&#8221; border_style=&#8221;solid&#8221; custom_css_main_element=&#8221;font-weight:400;&#8221; text_text_color=&#8221;#707070&#8243; text_font=&#8221;PT Serif||||&#8221; text_font_size=&#8221;18&#8243; text_line_height=&#8221;1em&#8221; text_font_size_last_edited=&#8221;on|desktop&#8221; custom_padding=&#8221;26%|15%|26%|15%&#8221;]<\/p>\n<p>&nbsp;<\/p>\n<ul>\n<li>Aplicaci\u00f3n, asesor\u00eda y estrategia de disposiciones fiscales para la optimizaci\u00f3n en el pago de impuestos y el cumplimiento de sus obligaciones.<\/li>\n<li>Aplicaci\u00f3n, asesor\u00eda y estrategia de disposiciones de seguridad social para la optimizaci\u00f3n en el pago de contribuciones y el cumplimiento de sus obligaciones.<\/li>\n<li>Reconocimiento de los efectos de la inflaci\u00f3n en la informaci\u00f3n financiera (Bolet\u00edn B-10 y sus adecuaciones NIF) Valuaci\u00f3n de inversiones permanentes en acciones ( Bolet\u00edn B-8 NIF)<\/li>\n<li>Determinaci\u00f3n de pasivos contingentes por obligaciones laborales (Bolet\u00edn D-3 NIF).<\/li>\n<li>Aplicaci\u00f3n y asesor\u00eda sobre las normas internacionales de contabilidad.<\/li>\n<li>Elaboraci\u00f3n de presupuestos, proyecciones y estudios financieros.<\/li>\n<li>Consolidaci\u00f3n y combinaci\u00f3n de estados financieros.<\/li>\n<li>Aspecto fiscal y contable relacionado con casas de cambio y de empe\u00f1o.<\/li>\n<\/ul>\n<p>[\/et_pb_text][\/et_pb_column][\/et_pb_row][\/et_pb_section][et_pb_section admin_label=&#8221;section&#8221; transparent_background=&#8221;off&#8221; background_color=&#8221;#595959&#8243; allow_player_pause=&#8221;off&#8221; inner_shadow=&#8221;off&#8221; parallax=&#8221;on&#8221; parallax_method=&#8221;on&#8221; custom_padding=&#8221;0px|0px|0px|0px&#8221; padding_mobile=&#8221;on&#8221; make_fullwidth=&#8221;off&#8221; use_custom_width=&#8221;off&#8221; width_unit=&#8221;on&#8221; make_equal=&#8221;off&#8221; use_custom_gutter=&#8221;off&#8221; disabled_on=&#8221;off|off|off&#8221; disabled=&#8221;off&#8221; custom_css_main_element=&#8221;border-bottom-color: #595959; || border-bottom-style: solid; || border-bottom-width: 20px!important;||||border-top-color: #595959; || border-top-style: solid; || border-top-width: 20px!important;&#8221;][et_pb_row admin_label=&#8221;Row&#8221; make_fullwidth=&#8221;off&#8221; use_custom_width=&#8221;off&#8221; width_unit=&#8221;off&#8221; custom_width_percent=&#8221;100%&#8221; use_custom_gutter=&#8221;on&#8221; padding_mobile=&#8221;on&#8221; allow_player_pause=&#8221;off&#8221; parallax=&#8221;off&#8221; parallax_method=&#8221;off&#8221; make_equal=&#8221;on&#8221; parallax_1=&#8221;off&#8221; parallax_method_1=&#8221;on&#8221; parallax_2=&#8221;off&#8221; parallax_method_2=&#8221;on&#8221; column_padding_mobile=&#8221;on&#8221; gutter_width=&#8221;1&#8243; custom_padding=&#8221;0px|0px|0px|0px&#8221; padding_2_last_edited=&#8221;on|desktop&#8221; bg_img_1=&#8221;http:\/\/www.camargoycia.com\/wp-content\/uploads\/2016\/07\/people-woman-coffee-meeting-2.jpg&#8221;][et_pb_column type=&#8221;1_2&#8243;][et_pb_text admin_label=&#8221;Auditoria&#8221; background_layout=&#8221;light&#8221; text_orientation=&#8221;center&#8221; use_border_color=&#8221;off&#8221; border_color=&#8221;#ffffff&#8221; border_style=&#8221;solid&#8221; custom_css_main_element=&#8221;font-weight:400;&#8221; text_text_color=&#8221;#ffffff&#8221; text_font=&#8221;Roboto||||&#8221; text_font_size=&#8221;38&#8243; text_line_height=&#8221;1em&#8221; text_font_size_last_edited=&#8221;on|desktop&#8221; custom_padding=&#8221;26%||26%|&#8221;]<\/p>\n<p>Auditor\u00eda<\/p>\n<p>[\/et_pb_text][\/et_pb_column][et_pb_column type=&#8221;1_2&#8243;][et_pb_text admin_label=&#8221;Alarm Clock&#8221; background_layout=&#8221;light&#8221; text_orientation=&#8221;left&#8221; use_border_color=&#8221;off&#8221; border_color=&#8221;#ffffff&#8221; border_style=&#8221;solid&#8221; custom_css_main_element=&#8221;font-weight:400;&#8221; text_text_color=&#8221;#dbdbdb&#8221; text_font=&#8221;PT Serif||||&#8221; text_font_size=&#8221;18&#8243; text_line_height=&#8221;1em&#8221; text_font_size_last_edited=&#8221;on|desktop&#8221; custom_padding=&#8221;26%|15%|26%|15%&#8221;]<\/p>\n<p>&nbsp;<\/p>\n<ul>\n<li>De estados financieros para fines financieros.<\/li>\n<li>De estados financieros del sector gobierno.<\/li>\n<li>De estados financieros con alcances fiscales.<\/li>\n<li>Administrativas y operacionales.<\/li>\n<li>Sobre el cumplimiento de obligaciones impuestas por el seguro social.<\/li>\n<\/ul>\n<p>[\/et_pb_text][\/et_pb_column][\/et_pb_row][\/et_pb_section][et_pb_section admin_label=&#8221;section&#8221; transparent_background=&#8221;off&#8221; background_color=&#8221;#ffffff&#8221; allow_player_pause=&#8221;off&#8221; inner_shadow=&#8221;off&#8221; parallax=&#8221;on&#8221; parallax_method=&#8221;on&#8221; custom_padding=&#8221;0px|0px|0px|0px&#8221; padding_mobile=&#8221;on&#8221; make_fullwidth=&#8221;off&#8221; use_custom_width=&#8221;off&#8221; width_unit=&#8221;on&#8221; make_equal=&#8221;off&#8221; use_custom_gutter=&#8221;off&#8221; disabled_on=&#8221;off|off|off&#8221; disabled=&#8221;off&#8221; custom_css_main_element=&#8221;border-bottom-color: #ffffff; || border-bottom-style: solid; || border-bottom-width: 20px!important;||||border-top-color: #ffffff; || border-top-style: solid; || border-top-width: 20px!important;&#8221;][et_pb_row admin_label=&#8221;Row&#8221; make_fullwidth=&#8221;off&#8221; use_custom_width=&#8221;off&#8221; width_unit=&#8221;off&#8221; custom_width_percent=&#8221;100%&#8221; use_custom_gutter=&#8221;on&#8221; padding_mobile=&#8221;on&#8221; allow_player_pause=&#8221;off&#8221; parallax=&#8221;off&#8221; parallax_method=&#8221;off&#8221; make_equal=&#8221;on&#8221; parallax_1=&#8221;off&#8221; parallax_method_1=&#8221;on&#8221; parallax_2=&#8221;off&#8221; parallax_method_2=&#8221;off&#8221; column_padding_mobile=&#8221;on&#8221; gutter_width=&#8221;1&#8243; custom_padding=&#8221;0px|0px|0px|0px&#8221; background_color_2=&#8221;rgba(0,0,0,0)&#8221; padding_2_last_edited=&#8221;on|desktop&#8221; background_color_1=&#8221;#dd8511&#8243; bg_img_1=&#8221;http:\/\/www.camargoycia.com\/wp-content\/uploads\/2016\/07\/pexels-photo-29675.jpg&#8221;][et_pb_column type=&#8221;1_2&#8243;][et_pb_text admin_label=&#8221;Microphone&#8221; background_layout=&#8221;light&#8221; text_orientation=&#8221;center&#8221; use_border_color=&#8221;off&#8221; border_color=&#8221;#ffffff&#8221; border_style=&#8221;solid&#8221; custom_css_main_element=&#8221;font-weight:400;&#8221; text_text_color=&#8221;#ffffff&#8221; text_font=&#8221;Roboto||||&#8221; text_font_size=&#8221;38&#8243; text_line_height=&#8221;1em&#8221; text_font_size_last_edited=&#8221;on|desktop&#8221; custom_padding=&#8221;26%||26%|&#8221;]<\/p>\n<p>Consultor\u00eda corporativa<\/p>\n<p>[\/et_pb_text][\/et_pb_column][et_pb_column type=&#8221;1_2&#8243;][et_pb_text admin_label=&#8221;Alarm Clock&#8221; background_layout=&#8221;light&#8221; text_orientation=&#8221;left&#8221; use_border_color=&#8221;off&#8221; border_color=&#8221;#ffffff&#8221; border_style=&#8221;solid&#8221; custom_css_main_element=&#8221;font-weight:400;&#8221; text_text_color=&#8221;#707070&#8243; text_font=&#8221;PT Serif||||&#8221; text_font_size=&#8221;18&#8243; text_line_height=&#8221;1em&#8221; text_font_size_last_edited=&#8221;on|desktop&#8221; custom_padding=&#8221;26%|15%|26%|15%&#8221;]<\/p>\n<p>&nbsp;<\/p>\n<ul>\n<li>Fusi\u00f3n y escisi\u00f3n de sociedades.<\/li>\n<li>Transformaci\u00f3n de sociedades.<\/li>\n<li>Constituci\u00f3n de empresas.<\/li>\n<li>Aumentos y disminuci\u00f3n de capital social.<\/li>\n<li>Enajenaci\u00f3n de acciones.<\/li>\n<li>Comisar\u00eda en sociedades.<\/li>\n<li>Tramite de gestor\u00eda para funcionar como casa de cambio o de empe\u00f1o.<\/li>\n<li>Operaci\u00f3n de casas de cambio y de empe\u00f1o.<\/li>\n<\/ul>\n<p>[\/et_pb_text][\/et_pb_column][\/et_pb_row][\/et_pb_section][et_pb_section admin_label=&#8221;section&#8221; transparent_background=&#8221;off&#8221; background_color=&#8221;#595959&#8243; allow_player_pause=&#8221;off&#8221; inner_shadow=&#8221;off&#8221; parallax=&#8221;on&#8221; parallax_method=&#8221;on&#8221; custom_padding=&#8221;0px|0px|0px|0px&#8221; padding_mobile=&#8221;on&#8221; make_fullwidth=&#8221;off&#8221; use_custom_width=&#8221;off&#8221; width_unit=&#8221;on&#8221; make_equal=&#8221;off&#8221; use_custom_gutter=&#8221;off&#8221; disabled_on=&#8221;off|off|off&#8221; disabled=&#8221;off&#8221; custom_css_main_element=&#8221;border-bottom-color: #595959; || border-bottom-style: solid; || border-bottom-width: 20px!important;||||border-top-color: #595959; || border-top-style: solid; || border-top-width: 20px!important;&#8221;][et_pb_row admin_label=&#8221;Row&#8221; make_fullwidth=&#8221;off&#8221; use_custom_width=&#8221;off&#8221; width_unit=&#8221;off&#8221; custom_width_percent=&#8221;100%&#8221; use_custom_gutter=&#8221;on&#8221; padding_mobile=&#8221;on&#8221; allow_player_pause=&#8221;off&#8221; parallax=&#8221;off&#8221; parallax_method=&#8221;off&#8221; make_equal=&#8221;on&#8221; parallax_1=&#8221;off&#8221; parallax_method_1=&#8221;on&#8221; parallax_2=&#8221;on&#8221; parallax_method_2=&#8221;on&#8221; column_padding_mobile=&#8221;on&#8221; gutter_width=&#8221;1&#8243; custom_padding=&#8221;0px|0px|0px|0px&#8221; padding_2_last_edited=&#8221;on|desktop&#8221; bg_img_1=&#8221;http:\/\/www.camargoycia.com\/wp-content\/uploads\/2016\/07\/pexels-photo-106344-2.jpg&#8221;][et_pb_column type=&#8221;1_2&#8243;][et_pb_text admin_label=&#8221;Microphone&#8221; background_layout=&#8221;dark&#8221; text_orientation=&#8221;center&#8221; use_border_color=&#8221;off&#8221; border_color=&#8221;#ffffff&#8221; border_style=&#8221;solid&#8221; custom_css_main_element=&#8221;font-weight:400;&#8221; text_font=&#8221;Roboto||||&#8221; text_font_size=&#8221;38&#8243; text_line_height=&#8221;1em&#8221; text_font_size_last_edited=&#8221;on|desktop&#8221; custom_padding=&#8221;26%||26%|&#8221;]<\/p>\n<p>Consultor\u00eda administrativa y organizaci\u00f3n de empresas<\/p>\n<p>[\/et_pb_text][\/et_pb_column][et_pb_column type=&#8221;1_2&#8243;][et_pb_text admin_label=&#8221;Alarm Clock&#8221; background_layout=&#8221;light&#8221; text_orientation=&#8221;left&#8221; use_border_color=&#8221;off&#8221; border_color=&#8221;#ffffff&#8221; border_style=&#8221;solid&#8221; custom_css_main_element=&#8221;font-weight:400;&#8221; text_text_color=&#8221;#dbdbdb&#8221; text_font=&#8221;PT Serif||||&#8221; text_font_size=&#8221;18&#8243; text_line_height=&#8221;1em&#8221; text_font_size_last_edited=&#8221;on|desktop&#8221; custom_padding=&#8221;26%|15%|26%|15%&#8221;]<\/p>\n<p>&nbsp;<\/p>\n<ul>\n<li>Organigramas, descripci\u00f3n de puestos y necesidades de los mismos.<\/li>\n<li>Elaboraci\u00f3n de manuales, pol\u00edticas y procedimientos.<\/li>\n<li>Elaboraci\u00f3n de manuales de control interno y flujo de informaci\u00f3n.<\/li>\n<li>Elaboraci\u00f3n de contratos laborales, civiles y mercantiles.<\/li>\n<\/ul>\n<p>[\/et_pb_text][\/et_pb_column][\/et_pb_row][\/et_pb_section]<\/p>\n","protected":false},"excerpt":{"rendered":"<p>Nuestros Servicios En Camargo y C\u00eda. te ofrecemos servicios de excelencia para guiarte y asesorarte en cualquier tema contable, ya sea fiscal, gubernamental o corporativo. Contabilidad General y Gubernamental &nbsp; Formulaci\u00f3n y presentaci\u00f3n de avisos de inscripci\u00f3n, cancelaci\u00f3n y modificaciones ante las diversas autoridades. Servicio integral de contabilidad general a empresas del sector privado y [&hellip;]<\/p>\n","protected":false},"author":1,"featured_media":0,"parent":0,"menu_order":0,"comment_status":"closed","ping_status":"closed","template":"","meta":{"_et_pb_use_builder":"on","_et_pb_old_content":"","_et_gb_content_width":"","jetpack_post_was_ever_published":false,"footnotes":""},"class_list":["post-25612","page","type-page","status-publish","hentry"],"jetpack_sharing_enabled":true,"jetpack_shortlink":"https:\/\/wp.me\/P7LhWs-6F6","jetpack-related-posts":[],"_links":{"self":[{"href":"https:\/\/www.camargoycia.com\/index.php?rest_route=\/wp\/v2\/pages\/25612","targetHints":{"allow":["GET"]}}],"collection":[{"href":"https:\/\/www.camargoycia.com\/index.php?rest_route=\/wp\/v2\/pages"}],"about":[{"href":"https:\/\/www.camargoycia.com\/index.php?rest_route=\/wp\/v2\/types\/page"}],"author":[{"embeddable":true,"href":"https:\/\/www.camargoycia.com\/index.php?rest_route=\/wp\/v2\/users\/1"}],"replies":[{"embeddable":true,"href":"https:\/\/www.camargoycia.com\/index.php?rest_route=%2Fwp%2Fv2%2Fcomments&post=25612"}],"version-history":[{"count":67,"href":"https:\/\/www.camargoycia.com\/index.php?rest_route=\/wp\/v2\/pages\/25612\/revisions"}],"predecessor-version":[{"id":25809,"href":"https:\/\/www.camargoycia.com\/index.php?rest_route=\/wp\/v2\/pages\/25612\/revisions\/25809"}],"wp:attachment":[{"href":"https:\/\/www.camargoycia.com\/index.php?rest_route=%2Fwp%2Fv2%2Fmedia&parent=25612"}],"curies":[{"name":"wp","href":"https:\/\/api.w.org\/{rel}","templated":true}]}}